{"id":19342,"date":"2020-12-03T11:04:09","date_gmt":"2020-12-03T11:04:09","guid":{"rendered":"https:\/\/sapnudivani.lv\/pagrindinis\/"},"modified":"2026-04-28T00:33:49","modified_gmt":"2026-04-28T00:33:49","slug":"pagrindinis","status":"publish","type":"page","link":"https:\/\/sapnudivani.lv\/en\/","title":{"rendered":"Pagrindinis"},"content":{"rendered":"\t\t<div data-elementor-type=\"wp-page\" data-elementor-id=\"19342\" class=\"elementor elementor-19342 elementor-4261\">\n\t\t\t\t\t\t<section class=\"elementor-section elementor-top-section elementor-element elementor-element-f8a1458 elementor-section-full_width elementor-section-height-default elementor-section-height-default\" data-id=\"f8a1458\" data-element_type=\"section\" data-e-type=\"section\">\n\t\t\t\t\t\t<div class=\"elementor-container elementor-column-gap-no\">\n\t\t\t\t\t<div class=\"elementor-column elementor-col-100 elementor-top-column elementor-element elementor-element-8183969\" data-id=\"8183969\" data-element_type=\"column\" data-e-type=\"column\">\n\t\t\t<div class=\"elementor-widget-wrap elementor-element-populated\">\n\t\t\t\t\t\t<div class=\"elementor-element elementor-element-9afbf2a razzi--h-position-center razzi--v-position-middle razzi-slide-banner__ratio--169 razzi-slides-elementor--arrow-style-1 razzi-slides-elementor--dots-style-1 elementor-widget elementor-widget-razzi-slides\" data-id=\"9afbf2a\" data-element_type=\"widget\" data-e-type=\"widget\" data-settings=\"{&quot;effect&quot;:&quot;fade&quot;,&quot;autoplay_speed&quot;:1000,&quot;aspect_ratio&quot;:&quot;169&quot;}\" data-widget_type=\"razzi-slides.default\">\n\t\t\t\t<div class=\"elementor-widget-container\">\n\t\t\t\t\t<div class=\"razzi-slides-elementor razzi-swiper-carousel-elementor razzi-swiper-slider-elementor navigation-dots navigation-tablet-dots navigation-mobile-arrows\">\r\n\t\t\t\t<div class=\"razzi-slides-elementor__wrapper swiper-container\">\r\n\t\t\t\t\t<div class=\"razzi-slides-elementor__inner swiper-wrapper\"><div  class=\"elementor-repeater-item-7be74f1 item-slider swiper-slide \"><div class=\"slick-slide-inner container\"><div class=\"razzi-slide-content\"><div class=\"razzi-slide-heading\">Tai gyvenimo kelias\r\n<\/div><div class=\"razzi-slide-subtitle\">Tai kelias, kuriuo eina\n<\/div><div class=\"razzi-slide-before-desc\">sapnudivani<\/div><div class=\"razzi-slide-button\"><\/div><\/div><\/div><\/div><\/div>\r\n\t\t\t\t<\/div>\r\n\t\t\t\t\r\n\t\t\t<\/div>\t\t\t\t<\/div>\n\t\t\t\t<\/div>\n\t\t\t\t\t<\/div>\n\t\t<\/div>\n\t\t\t\t\t<\/div>\n\t\t<\/section>\n\t\t\t\t<section class=\"elementor-section elementor-top-section elementor-element elementor-element-efbc1ee elementor-section-boxed elementor-section-height-default elementor-section-height-default\" data-id=\"efbc1ee\" data-element_type=\"section\" data-e-type=\"section\">\n\t\t\t\t\t\t<div class=\"elementor-container elementor-column-gap-extended\">\n\t\t\t\t\t<div class=\"elementor-column elementor-col-100 elementor-top-column elementor-element elementor-element-d8b5596\" data-id=\"d8b5596\" data-element_type=\"column\" data-e-type=\"column\">\n\t\t\t<div class=\"elementor-widget-wrap elementor-element-populated\">\n\t\t\t\t\t\t<div class=\"elementor-element elementor-element-5d283af elementor-widget elementor-widget-razzi-heading\" data-id=\"5d283af\" data-element_type=\"widget\" data-e-type=\"widget\" data-widget_type=\"razzi-heading.default\">\n\t\t\t\t<div class=\"elementor-widget-container\">\n\t\t\t\t\t<div class=\"razzi-heading-wrapper\"><h3 class=\"razzi-heading-title\"> Baldai kuriantys J\u016bs\u0173 nam\u0173 istorij\u0105<\/h3><\/div>\t\t\t\t<\/div>\n\t\t\t\t<\/div>\n\t\t\t\t<div class=\"elementor-element elementor-element-1082d55 elementor-widget elementor-widget-text-editor\" data-id=\"1082d55\" data-element_type=\"widget\" data-e-type=\"widget\" data-widget_type=\"text-editor.default\">\n\t\t\t\t\t\t\t\t\t<p>Atraskite GRAFU baldus \u2013 unikali\u0105 meistri\u0161kumo, meno ir funkcionalumo sintez\u0119. Kiekvienas m\u016bs\u0173 k\u016brinys kruop\u0161\u010diai pagamintas i\u0161 auk\u0161\u010diausios kokyb\u0117s med\u017eiag\u0173, atid\u017eiai derinant estetik\u0105 su prakti\u0161kumu. Tai ne tik baldai \u2013 tai j\u016bs\u0173 asmenyb\u0117s atspindys, kuriantis jaukum\u0105, i\u0161skirtinum\u0105 ir harmonij\u0105 namuose.<\/p>\n\t\t\t\t\t\t\t\t<\/div>\n\t\t\t\t\t<\/div>\n\t\t<\/div>\n\t\t\t\t\t<\/div>\n\t\t<\/section>\n\t\t<div class=\"elementor-element elementor-element-ca3433e e-grid e-con-boxed e-con e-parent\" data-id=\"ca3433e\" data-element_type=\"container\" data-e-type=\"container\">\n\t\t\t\t\t<div class=\"e-con-inner\">\n\t\t\t\t<div class=\"elementor-element elementor-element-96838ab kategorijos-main elementor-position-top elementor-widget elementor-widget-image-box\" data-id=\"96838ab\" data-element_type=\"widget\" data-e-type=\"widget\" data-widget_type=\"image-box.default\">\n\t\t\t\t\t<div class=\"elementor-image-box-wrapper\"><figure class=\"elementor-image-box-img\"><a href=\"https:\/\/sapnudivani.lv\/product-category\/kampai\/\" tabindex=\"-1\"><img fetchpriority=\"high\" decoding=\"async\" width=\"300\" height=\"271\" src=\"https:\/\/sapnudivani.lv\/wp-content\/uploads\/2026\/04\/CORNERSOFA_icon2-300x271-1.png\" class=\"attachment-full size-full wp-image-19347\" alt=\"\" \/><\/a><\/figure><div class=\"elementor-image-box-content\"><h4 class=\"elementor-image-box-title\"><a href=\"https:\/\/sapnudivani.lv\/product-category\/kampai\/\">Kampai<\/a><\/h4><\/div><\/div>\t\t\t\t<\/div>\n\t\t\t\t<div class=\"elementor-element elementor-element-8786633 kategorijos-main elementor-position-top elementor-widget elementor-widget-image-box\" data-id=\"8786633\" data-element_type=\"widget\" data-e-type=\"widget\" data-widget_type=\"image-box.default\">\n\t\t\t\t\t<div class=\"elementor-image-box-wrapper\"><figure class=\"elementor-image-box-img\"><a href=\"#\" tabindex=\"-1\"><img decoding=\"async\" width=\"299\" height=\"131\" src=\"https:\/\/sapnudivani.lv\/wp-content\/uploads\/2026\/04\/SOFAS_icon2.png\" class=\"attachment-full size-full wp-image-19348\" alt=\"\" \/><\/a><\/figure><div class=\"elementor-image-box-content\"><h4 class=\"elementor-image-box-title\"><a href=\"#\">Sofos<\/a><\/h4><\/div><\/div>\t\t\t\t<\/div>\n\t\t\t\t<div class=\"elementor-element elementor-element-2ad2ffe kategorijos-main elementor-position-top elementor-widget elementor-widget-image-box\" data-id=\"2ad2ffe\" data-element_type=\"widget\" data-e-type=\"widget\" data-widget_type=\"image-box.default\">\n\t\t\t\t\t<div class=\"elementor-image-box-wrapper\"><figure class=\"elementor-image-box-img\"><a href=\"#\" tabindex=\"-1\"><img decoding=\"async\" width=\"300\" height=\"271\" src=\"https:\/\/sapnudivani.lv\/wp-content\/uploads\/2026\/04\/ARMCHAIR_icon4-300x271-1.png\" class=\"attachment-full size-full wp-image-19349\" alt=\"\" \/><\/a><\/figure><div class=\"elementor-image-box-content\"><h4 class=\"elementor-image-box-title\"><a href=\"#\">Foteliai<\/a><\/h4><\/div><\/div>\t\t\t\t<\/div>\n\t\t\t\t<div class=\"elementor-element elementor-element-00e7bd6 kategorijos-main elementor-position-top elementor-widget elementor-widget-image-box\" data-id=\"00e7bd6\" data-element_type=\"widget\" data-e-type=\"widget\" data-widget_type=\"image-box.default\">\n\t\t\t\t\t<div class=\"elementor-image-box-wrapper\"><figure class=\"elementor-image-box-img\"><a href=\"#\" tabindex=\"-1\"><img loading=\"lazy\" decoding=\"async\" width=\"300\" height=\"271\" src=\"https:\/\/sapnudivani.lv\/wp-content\/uploads\/2026\/04\/CHAIR_icon4-300x271-1.png\" class=\"attachment-full size-full wp-image-19350\" alt=\"\" \/><\/a><\/figure><div class=\"elementor-image-box-content\"><h4 class=\"elementor-image-box-title\"><a href=\"#\">K\u0117d\u0117s<\/a><\/h4><\/div><\/div>\t\t\t\t<\/div>\n\t\t\t\t<div class=\"elementor-element elementor-element-52debdf kategorijos-main elementor-position-top elementor-widget elementor-widget-image-box\" data-id=\"52debdf\" data-element_type=\"widget\" data-e-type=\"widget\" data-widget_type=\"image-box.default\">\n\t\t\t\t\t<div class=\"elementor-image-box-wrapper\"><figure class=\"elementor-image-box-img\"><a href=\"#\" tabindex=\"-1\"><img loading=\"lazy\" decoding=\"async\" width=\"300\" height=\"201\" src=\"https:\/\/sapnudivani.lv\/wp-content\/uploads\/2026\/04\/TABLE_icon2-300x201-2.png\" class=\"attachment-full size-full wp-image-19354\" alt=\"\" \/><\/a><\/figure><div class=\"elementor-image-box-content\"><h4 class=\"elementor-image-box-title\"><a href=\"#\">Stalai<\/a><\/h4><\/div><\/div>\t\t\t\t<\/div>\n\t\t\t\t<div class=\"elementor-element elementor-element-512ccf3 kategorijos-main elementor-position-top elementor-widget elementor-widget-image-box\" data-id=\"512ccf3\" data-element_type=\"widget\" data-e-type=\"widget\" data-widget_type=\"image-box.default\">\n\t\t\t\t\t<div class=\"elementor-image-box-wrapper\"><figure class=\"elementor-image-box-img\"><a href=\"#\" tabindex=\"-1\"><img loading=\"lazy\" decoding=\"async\" width=\"300\" height=\"133\" src=\"https:\/\/sapnudivani.lv\/wp-content\/uploads\/2026\/04\/ACCESSORIES_icon2-300x133-1.png\" class=\"attachment-full size-full wp-image-19353\" alt=\"\" \/><\/a><\/figure><div class=\"elementor-image-box-content\"><h4 class=\"elementor-image-box-title\"><a href=\"#\">Aksesuarai<\/a><\/h4><\/div><\/div>\t\t\t\t<\/div>\n\t\t\t\t\t<\/div>\n\t\t\t\t<\/div>\n\t\t<div class=\"elementor-element elementor-element-168a64b e-flex e-con-boxed e-con e-parent\" data-id=\"168a64b\" data-element_type=\"container\" data-e-type=\"container\">\n\t\t\t\t\t<div class=\"e-con-inner\">\n\t\t<div class=\"elementor-element elementor-element-12f549c e-con-full home-photo e-flex e-con e-child\" data-id=\"12f549c\" data-element_type=\"container\" data-e-type=\"container\">\n\t\t\t\t<div class=\"elementor-element elementor-element-ffa4ebd elementor-widget elementor-widget-image\" data-id=\"ffa4ebd\" data-element_type=\"widget\" data-e-type=\"widget\" data-widget_type=\"image.default\">\n\t\t\t\t\t\t\t\t\t\t\t\t\t\t\t<img loading=\"lazy\" decoding=\"async\" width=\"1000\" height=\"667\" src=\"https:\/\/sapnudivani.lv\/wp-content\/uploads\/2026\/03\/apie-mus-foto.webp\" class=\"attachment-full size-full wp-image-19344\" alt=\"\" srcset=\"https:\/\/sapnudivani.lv\/wp-content\/uploads\/2026\/03\/apie-mus-foto.webp 1000w, https:\/\/sapnudivani.lv\/wp-content\/uploads\/2026\/03\/apie-mus-foto-533x356.webp 533w, https:\/\/sapnudivani.lv\/wp-content\/uploads\/2026\/03\/apie-mus-foto-800x534.webp 800w, https:\/\/sapnudivani.lv\/wp-content\/uploads\/2026\/03\/apie-mus-foto-300x200.webp 300w, https:\/\/sapnudivani.lv\/wp-content\/uploads\/2026\/03\/apie-mus-foto-768x512.webp 768w\" sizes=\"(max-width: 1000px) 100vw, 1000px\" \/>\t\t\t\t\t\t\t\t\t\t\t\t\t\t\t<\/div>\n\t\t\t\t<\/div>\n\t\t<div class=\"elementor-element elementor-element-b8c7837 e-con-full e-flex e-con e-child\" data-id=\"b8c7837\" data-element_type=\"container\" data-e-type=\"container\">\n\t\t\t\t<div class=\"elementor-element elementor-element-a30338c elementor-widget elementor-widget-text-editor\" data-id=\"a30338c\" data-element_type=\"widget\" data-e-type=\"widget\" data-widget_type=\"text-editor.default\">\n\t\t\t\t\t\t\t\t\t<h3>Apie mus<\/h3>\n<p>Nuo 1997 met\u0173 kuriame komfort\u0105 namams visoje Europoje, dovanodami d\u017eiaugsm\u0105 t\u016bkstan\u010diams \u0161eim\u0173. Remdamiesi sukaupta patirtimi ir j\u016bs\u0173 atsiliepimais, nuolat tobuliname savo gaminius, siekdami dar didesnio patogumo ir funkcionalumo. Individualiems gaminiams teikiame ypating\u0105 d\u0117mes\u012f, nes b\u016btent jie atspindi j\u016bs\u0173 unikalius poreikius ir kuria did\u017eiausi\u0105 vert\u0119. \u012egyvendindami j\u016bs\u0173 id\u0117jas ir vizijas, kartu d\u017eiaugiam\u0117s jaukiais ir stilingais namais. Did\u017eiuojam\u0117s savo gaminiais, kuriuos tikime, \u012fvertinsite ir j\u016bs.<\/p>\n<p>Siekiame tvarumo kiekviename \u017eingsnyje \u2013 nuo atsinaujinan\u010dios energijos naudojimo iki s\u0105moningo vartojimo skatinimo. M\u016bs\u0173 darbuotoj\u0173 gerov\u0117 ir profesinis augimas yra ne ma\u017eiau svarb\u016bs nei verslo rezultatai.<\/p>\n<p>Jau daugel\u012f met\u0173 rodome pavyzd\u012f bendruomeni\u0161kumu, aktyviai remiame \u012fvairius edukacinius, kult\u016bros ir labdaros projektus. Tikime, kad verslas turi ne tik kurti ekonomin\u0119 vert\u0119, bet ir prisid\u0117ti prie visuomen\u0117s gerov\u0117s.<\/p>\n\t\t\t\t\t\t\t\t<\/div>\n\t\t\t\t<\/div>\n\t\t\t\t\t<\/div>\n\t\t\t\t<\/div>\n\t\t\t\t<section class=\"elementor-section elementor-top-section elementor-element elementor-element-700a077 elementor-section-boxed elementor-section-height-default elementor-section-height-default\" data-id=\"700a077\" data-element_type=\"section\" data-e-type=\"section\" data-settings=\"{&quot;background_background&quot;:&quot;classic&quot;,&quot;background_motion_fx_motion_fx_scrolling&quot;:&quot;yes&quot;}\">\n\t\t\t\t\t\t\t<div class=\"elementor-background-overlay\"><\/div>\n\t\t\t\t\t\t\t<div class=\"elementor-container elementor-column-gap-no\">\n\t\t\t\t\t<div class=\"elementor-column elementor-col-100 elementor-top-column elementor-element elementor-element-35deb7d\" data-id=\"35deb7d\" data-element_type=\"column\" data-e-type=\"column\">\n\t\t\t<div class=\"elementor-widget-wrap elementor-element-populated\">\n\t\t\t\t\t\t<div class=\"elementor-element elementor-element-962085a elementor-widget elementor-widget-text-editor\" data-id=\"962085a\" data-element_type=\"widget\" data-e-type=\"widget\" data-widget_type=\"text-editor.default\">\n\t\t\t\t\t\t\t\t\t<div id=\"text-2736450839\" class=\"text\">Sodyb\u0173 g. 8, Auk\u0161telk\u0117, \u0160iauli\u0173 r.<\/div>\n\t\t\t\t\t\t\t\t<\/div>\n\t\t\t\t<div class=\"elementor-element elementor-element-ad35a86 elementor-widget elementor-widget-heading\" data-id=\"ad35a86\" data-element_type=\"widget\" data-e-type=\"widget\" data-widget_type=\"heading.default\">\n\t\t\t\t\t<h2 class=\"elementor-heading-title elementor-size-default\">LAUKIAME J\u016aS\u0172<\/h2>\t\t\t\t<\/div>\n\t\t\t\t<div class=\"elementor-element elementor-element-59a055c elementor-widget elementor-widget-text-editor\" data-id=\"59a055c\" data-element_type=\"widget\" data-e-type=\"widget\" data-widget_type=\"text-editor.default\">\n\t\t\t\t\t\t\t\t\t<p>Rodyti \u017eem\u0117lapyje<\/p>\n\t\t\t\t\t\t\t\t<\/div>\n\t\t\t\t\t<\/div>\n\t\t<\/div>\n\t\t\t\t\t<\/div>\n\t\t<\/section>\n\t\t\t\t<section class=\"elementor-section elementor-top-section elementor-element elementor-element-6602506 elementor-section-boxed elementor-section-height-default elementor-section-height-default\" data-id=\"6602506\" data-element_type=\"section\" data-e-type=\"section\">\n\t\t\t\t\t\t<div class=\"elementor-container elementor-column-gap-extended\">\n\t\t\t\t\t<div class=\"elementor-column elementor-col-100 elementor-top-column elementor-element elementor-element-11c1504\" data-id=\"11c1504\" data-element_type=\"column\" data-e-type=\"column\">\n\t\t\t<div class=\"elementor-widget-wrap elementor-element-populated\">\n\t\t\t\t\t\t<div class=\"elementor-element elementor-element-2a17486 elementor-widget elementor-widget-heading\" data-id=\"2a17486\" data-element_type=\"widget\" data-e-type=\"widget\" data-widget_type=\"heading.default\">\n\t\t\t\t\t<h3 class=\"elementor-heading-title elementor-size-default\">Naujienos<\/h3>\t\t\t\t<\/div>\n\t\t\t\t<div class=\"elementor-element elementor-element-e8d0e73 elementor-widget elementor-widget-razzi-products-grid\" data-id=\"e8d0e73\" data-element_type=\"widget\" data-e-type=\"widget\" data-settings=\"{&quot;columns&quot;:3,&quot;per_page&quot;:8,&quot;products&quot;:&quot;recent&quot;}\" data-widget_type=\"razzi-products-grid.default\">\n\t\t\t\t<div class=\"elementor-widget-container\">\n\t\t\t\t\t\t\t<div class=\"razzi-products-grid woocommerce\">\r\n\t\t\t<div class=\"product-content\"><\/div>\t\t<\/div>\r\n\t\t\t\t\t\t<\/div>\n\t\t\t\t<\/div>\n\t\t\t\t<div class=\"elementor-element elementor-element-c2f02c5 elementor-align-center elementor-widget elementor-widget-razzi-button\" data-id=\"c2f02c5\" data-element_type=\"widget\" data-e-type=\"widget\" data-widget_type=\"razzi-button.default\">\n\t\t\t\t<div class=\"elementor-widget-container\">\n\t\t\t\t\t        <a href=\"https:\/\/sapnudivani.lv\/en\/shop\/\" class=\"razzi-button-link razzi-button button-underline\">\n\t\t\t\t\t\t\t\t\t<span class=\"razzi-button-text\">Daugiau<\/span>        <\/a>\n\t\t\t\t\t\t<\/div>\n\t\t\t\t<\/div>\n\t\t\t\t\t<\/div>\n\t\t<\/div>\n\t\t\t\t\t<\/div>\n\t\t<\/section>\n\t\t\t\t<\/div>\n\t\t","protected":false},"excerpt":{"rendered":"<p>Tai gyvenimo kelias Tai kelias, kuriuo eina sapnudivani Baldai kuriantys J\u016bs\u0173 nam\u0173 istorij\u0105 Atraskite GRAFU baldus \u2013 unikali\u0105 meistri\u0161kumo, meno ir funkcionalumo sintez\u0119. Kiekvienas m\u016bs\u0173 k\u016brinys kruop\u0161\u010diai pagamintas i\u0161 auk\u0161\u010diausios kokyb\u0117s med\u017eiag\u0173, atid\u017eiai derinant estetik\u0105 su prakti\u0161kumu. Tai ne tik baldai \u2013 tai j\u016bs\u0173 asmenyb\u0117s atspindys, kuriantis jaukum\u0105, i\u0161skirtinum\u0105 ir harmonij\u0105 namuose. Kampai Sofos Foteliai [&hellip;]<\/p>\n","protected":false},"author":1,"featured_media":0,"parent":0,"menu_order":0,"comment_status":"closed","ping_status":"closed","template":"","meta":{"footnotes":""},"class_list":["post-19342","page","type-page","status-publish","hentry"],"_links":{"self":[{"href":"https:\/\/sapnudivani.lv\/en\/wp-json\/wp\/v2\/pages\/19342","targetHints":{"allow":["GET"]}}],"collection":[{"href":"https:\/\/sapnudivani.lv\/en\/wp-json\/wp\/v2\/pages"}],"about":[{"href":"https:\/\/sapnudivani.lv\/en\/wp-json\/wp\/v2\/types\/page"}],"author":[{"embeddable":true,"href":"https:\/\/sapnudivani.lv\/en\/wp-json\/wp\/v2\/users\/1"}],"replies":[{"embeddable":true,"href":"https:\/\/sapnudivani.lv\/en\/wp-json\/wp\/v2\/comments?post=19342"}],"version-history":[{"count":3,"href":"https:\/\/sapnudivani.lv\/en\/wp-json\/wp\/v2\/pages\/19342\/revisions"}],"predecessor-version":[{"id":19357,"href":"https:\/\/sapnudivani.lv\/en\/wp-json\/wp\/v2\/pages\/19342\/revisions\/19357"}],"wp:attachment":[{"href":"https:\/\/sapnudivani.lv\/en\/wp-json\/wp\/v2\/media?parent=19342"}],"curies":[{"name":"wp","href":"https:\/\/api.w.org\/{rel}","templated":true}]}}